{"id":2149,"date":"2024-09-22T12:50:25","date_gmt":"2024-09-22T12:50:25","guid":{"rendered":"https:\/\/www.chaireearth.org\/?page_id=2149"},"modified":"2025-01-13T10:36:38","modified_gmt":"2025-01-13T10:36:38","slug":"climatologie","status":"publish","type":"page","link":"https:\/\/www.chaireearth.org\/en\/climatologie\/","title":{"rendered":"Climatologie"},"content":{"rendered":"<div data-elementor-type=\"wp-page\" data-elementor-id=\"2149\" class=\"elementor elementor-2149\" data-elementor-post-type=\"page\">\n\t\t\t\t\t\t<section class=\"elementor-section elementor-top-section elementor-element elementor-element-4c94913 elementor-section-boxed elementor-section-height-default elementor-section-height-default\" data-id=\"4c94913\" data-element_type=\"section\" data-e-type=\"section\" data-settings=\"{&quot;background_background&quot;:&quot;classic&quot;}\">\n\t\t\t\t\t\t<div class=\"elementor-container elementor-column-gap-default\">\n\t\t\t\t\t<div class=\"elementor-column elementor-col-100 elementor-top-column elementor-element elementor-element-2254fe0\" data-id=\"2254fe0\" data-element_type=\"column\" data-e-type=\"column\">\n\t\t\t<div class=\"elementor-widget-wrap elementor-element-populated\">\n\t\t\t\t\t\t<div class=\"elementor-element elementor-element-c402735 elementor-widget elementor-widget-spacer\" data-id=\"c402735\" data-element_type=\"widget\" data-e-type=\"widget\" data-widget_type=\"spacer.default\">\n\t\t\t\t<div class=\"elementor-widget-container\">\n\t\t\t\t\t\t\t<div class=\"elementor-spacer\">\n\t\t\t<div class=\"elementor-spacer-inner\"><\/div>\n\t\t<\/div>\n\t\t\t\t\t\t<\/div>\n\t\t\t\t<\/div>\n\t\t\t\t<div class=\"elementor-element elementor-element-6bd6051 elementor-widget elementor-widget-heading\" data-id=\"6bd6051\" data-element_type=\"widget\" data-e-type=\"widget\" data-widget_type=\"heading.default\">\n\t\t\t\t<div class=\"elementor-widget-container\">\n\t\t\t\t\t<h1 class=\"elementor-heading-title elementor-size-default\">Climatologie<\/h1>\t\t\t\t<\/div>\n\t\t\t\t<\/div>\n\t\t\t\t<div class=\"elementor-element elementor-element-c3331ed elementor-widget elementor-widget-text-editor\" data-id=\"c3331ed\" data-element_type=\"widget\" data-e-type=\"widget\" data-widget_type=\"text-editor.default\">\n\t\t\t\t<div class=\"elementor-widget-container\">\n\t\t\t\t\t\t\t\t\t<p>Syst\u00e8me Terre<\/p>\t\t\t\t\t\t\t\t<\/div>\n\t\t\t\t<\/div>\n\t\t\t\t<div class=\"elementor-element elementor-element-8a4c884 elementor-widget-divider--view-line elementor-widget elementor-widget-divider\" data-id=\"8a4c884\" data-element_type=\"widget\" data-e-type=\"widget\" data-widget_type=\"divider.default\">\n\t\t\t\t<div class=\"elementor-widget-container\">\n\t\t\t\t\t\t\t<div class=\"elementor-divider\">\n\t\t\t<span class=\"elementor-divider-separator\">\n\t\t\t\t\t\t<\/span>\n\t\t<\/div>\n\t\t\t\t\t\t<\/div>\n\t\t\t\t<\/div>\n\t\t\t\t<div class=\"elementor-element elementor-element-a617dbd elementor-widget elementor-widget-spacer\" data-id=\"a617dbd\" data-element_type=\"widget\" data-e-type=\"widget\" data-widget_type=\"spacer.default\">\n\t\t\t\t<div class=\"elementor-widget-container\">\n\t\t\t\t\t\t\t<div class=\"elementor-spacer\">\n\t\t\t<div class=\"elementor-spacer-inner\"><\/div>\n\t\t<\/div>\n\t\t\t\t\t\t<\/div>\n\t\t\t\t<\/div>\n\t\t\t\t\t<\/div>\n\t\t<\/div>\n\t\t\t\t\t<\/div>\n\t\t<\/section>\n\t\t\t\t<section class=\"elementor-section elementor-top-section elementor-element elementor-element-ac4de15 elementor-section-boxed elementor-section-height-default elementor-section-height-default\" data-id=\"ac4de15\" data-element_type=\"section\" data-e-type=\"section\">\n\t\t\t\t\t\t<div class=\"elementor-container elementor-column-gap-default\">\n\t\t\t\t\t<div class=\"elementor-column elementor-col-100 elementor-top-column elementor-element elementor-element-11e9b23\" data-id=\"11e9b23\" data-element_type=\"column\" data-e-type=\"column\">\n\t\t\t<div class=\"elementor-widget-wrap elementor-element-populated\">\n\t\t\t\t\t\t<div class=\"elementor-element elementor-element-1087395 elementor-widget elementor-widget-spacer\" data-id=\"1087395\" data-element_type=\"widget\" data-e-type=\"widget\" data-widget_type=\"spacer.default\">\n\t\t\t\t<div class=\"elementor-widget-container\">\n\t\t\t\t\t\t\t<div class=\"elementor-spacer\">\n\t\t\t<div class=\"elementor-spacer-inner\"><\/div>\n\t\t<\/div>\n\t\t\t\t\t\t<\/div>\n\t\t\t\t<\/div>\n\t\t\t\t\t<\/div>\n\t\t<\/div>\n\t\t\t\t\t<\/div>\n\t\t<\/section>\n\t\t\t\t<section class=\"elementor-section elementor-top-section elementor-element elementor-element-bdefbe8 elementor-section-boxed elementor-section-height-default elementor-section-height-default\" data-id=\"bdefbe8\" data-element_type=\"section\" data-e-type=\"section\">\n\t\t\t\t\t\t<div class=\"elementor-container elementor-column-gap-default\">\n\t\t\t\t\t<div class=\"elementor-column elementor-col-100 elementor-top-column elementor-element elementor-element-ad16395\" data-id=\"ad16395\" data-element_type=\"column\" data-e-type=\"column\">\n\t\t\t<div class=\"elementor-widget-wrap elementor-element-populated\">\n\t\t\t\t\t\t<div class=\"elementor-element elementor-element-ae0324d elementor-posts--align-left elementor-grid-3 elementor-grid-tablet-2 elementor-grid-mobile-1 elementor-posts--thumbnail-top elementor-card-shadow-yes elementor-posts__hover-gradient elementor-widget elementor-widget-posts\" data-id=\"ae0324d\" data-element_type=\"widget\" data-e-type=\"widget\" data-settings=\"{&quot;cards_row_gap&quot;:{&quot;unit&quot;:&quot;px&quot;,&quot;size&quot;:29,&quot;sizes&quot;:[]},&quot;cards_columns&quot;:&quot;3&quot;,&quot;cards_columns_tablet&quot;:&quot;2&quot;,&quot;cards_columns_mobile&quot;:&quot;1&quot;,&quot;cards_row_gap_tablet&quot;:{&quot;unit&quot;:&quot;px&quot;,&quot;size&quot;:&quot;&quot;,&quot;sizes&quot;:[]},&quot;cards_row_gap_mobile&quot;:{&quot;unit&quot;:&quot;px&quot;,&quot;size&quot;:&quot;&quot;,&quot;sizes&quot;:[]}}\" data-widget_type=\"posts.cards\">\n\t\t\t\t<div class=\"elementor-widget-container\">\n\t\t\t\t\t\t\t<div class=\"elementor-posts-container elementor-posts elementor-posts--skin-cards elementor-grid\" role=\"list\">\n\t\t\t\t<article class=\"elementor-post elementor-grid-item post-1939 post type-post status-publish format-standard has-post-thumbnail hentry category-systeme-terre category-climatologie\" role=\"listitem\">\n\t\t\t<div class=\"elementor-post__card\">\n\t\t\t\t<a class=\"elementor-post__thumbnail__link\" href=\"https:\/\/www.chaireearth.org\/en\/la-fonte-de-la-calotte-glaciaire-de-lantarctique-occidental-est-desormais-inevitable\/\" tabindex=\"-1\" ><div class=\"elementor-post__thumbnail\"><img fetchpriority=\"high\" decoding=\"async\" width=\"300\" height=\"200\" src=\"https:\/\/www.chaireearth.org\/wp-content\/uploads\/2024\/09\/3ca3f4_669520a55f7741d5874f0b4ec0557b82mv2-300x200.webp\" class=\"attachment-medium size-medium wp-image-1942\" alt=\"\" srcset=\"https:\/\/www.chaireearth.org\/wp-content\/uploads\/2024\/09\/3ca3f4_669520a55f7741d5874f0b4ec0557b82mv2-300x200.webp 300w, https:\/\/www.chaireearth.org\/wp-content\/uploads\/2024\/09\/3ca3f4_669520a55f7741d5874f0b4ec0557b82mv2-1024x682.webp 1024w, https:\/\/www.chaireearth.org\/wp-content\/uploads\/2024\/09\/3ca3f4_669520a55f7741d5874f0b4ec0557b82mv2-768x512.webp 768w, https:\/\/www.chaireearth.org\/wp-content\/uploads\/2024\/09\/3ca3f4_669520a55f7741d5874f0b4ec0557b82mv2-18x12.webp 18w, https:\/\/www.chaireearth.org\/wp-content\/uploads\/2024\/09\/3ca3f4_669520a55f7741d5874f0b4ec0557b82mv2.webp 1280w\" sizes=\"(max-width: 300px) 100vw, 300px\" \/><\/div><\/a>\n\t\t\t\t<div class=\"elementor-post__badge\">Syst\u00e8me Terre<\/div>\n\t\t\t\t<div class=\"elementor-post__text\">\n\t\t\t\t<h3 class=\"elementor-post__title\">\n\t\t\t<a href=\"https:\/\/www.chaireearth.org\/en\/la-fonte-de-la-calotte-glaciaire-de-lantarctique-occidental-est-desormais-inevitable\/\" >\n\t\t\t\tLa fonte de la calotte glaciaire de l&rsquo;Antarctique occidental est d\u00e9sormais in\u00e9vitable\t\t\t<\/a>\n\t\t<\/h3>\n\t\t\n\t\t<a class=\"elementor-post__read-more\" href=\"https:\/\/www.chaireearth.org\/en\/la-fonte-de-la-calotte-glaciaire-de-lantarctique-occidental-est-desormais-inevitable\/\" aria-label=\"Read more about La fonte de la calotte glaciaire de l&rsquo;Antarctique occidental est d\u00e9sormais in\u00e9vitable\" tabindex=\"-1\" >\n\t\t\tLire le post \u00bb\t\t<\/a>\n\n\t\t\t\t<\/div>\n\t\t\t\t<div class=\"elementor-post__meta-data\">\n\t\t\t\t\t<span class=\"elementor-post-date\">\n\t\t\t21\/09\/2024\t\t<\/span>\n\t\t\t\t<\/div>\n\t\t\t\t\t<\/div>\n\t\t<\/article>\n\t\t\t\t<article class=\"elementor-post elementor-grid-item post-1928 post type-post status-publish format-standard has-post-thumbnail hentry category-systeme-terre category-climatologie\" role=\"listitem\">\n\t\t\t<div class=\"elementor-post__card\">\n\t\t\t\t<a class=\"elementor-post__thumbnail__link\" href=\"https:\/\/www.chaireearth.org\/en\/les-petits-etats-insulaires-en-developpement-menaces-par-un-rechauffement-de-15c\/\" tabindex=\"-1\" ><div class=\"elementor-post__thumbnail\"><img decoding=\"async\" width=\"300\" height=\"180\" src=\"https:\/\/www.chaireearth.org\/wp-content\/uploads\/2024\/09\/3ca3f4_d03dc7d83f1d41ea89ee3dda77041336mv2-300x180.webp\" class=\"attachment-medium size-medium wp-image-1934\" alt=\"\" srcset=\"https:\/\/www.chaireearth.org\/wp-content\/uploads\/2024\/09\/3ca3f4_d03dc7d83f1d41ea89ee3dda77041336mv2-300x180.webp 300w, https:\/\/www.chaireearth.org\/wp-content\/uploads\/2024\/09\/3ca3f4_d03dc7d83f1d41ea89ee3dda77041336mv2-768x462.webp 768w, https:\/\/www.chaireearth.org\/wp-content\/uploads\/2024\/09\/3ca3f4_d03dc7d83f1d41ea89ee3dda77041336mv2-18x12.webp 18w, https:\/\/www.chaireearth.org\/wp-content\/uploads\/2024\/09\/3ca3f4_d03dc7d83f1d41ea89ee3dda77041336mv2.webp 1014w\" sizes=\"(max-width: 300px) 100vw, 300px\" \/><\/div><\/a>\n\t\t\t\t<div class=\"elementor-post__badge\">Syst\u00e8me Terre<\/div>\n\t\t\t\t<div class=\"elementor-post__text\">\n\t\t\t\t<h3 class=\"elementor-post__title\">\n\t\t\t<a href=\"https:\/\/www.chaireearth.org\/en\/les-petits-etats-insulaires-en-developpement-menaces-par-un-rechauffement-de-15c\/\" >\n\t\t\t\tLes petits Etats insulaires en d\u00e9veloppement menac\u00e9s par un r\u00e9chauffement de 1,5\u00b0C\t\t\t<\/a>\n\t\t<\/h3>\n\t\t\n\t\t<a class=\"elementor-post__read-more\" href=\"https:\/\/www.chaireearth.org\/en\/les-petits-etats-insulaires-en-developpement-menaces-par-un-rechauffement-de-15c\/\" aria-label=\"Read more about Les petits Etats insulaires en d\u00e9veloppement menac\u00e9s par un r\u00e9chauffement de 1,5\u00b0C\" tabindex=\"-1\" >\n\t\t\tLire le post \u00bb\t\t<\/a>\n\n\t\t\t\t<\/div>\n\t\t\t\t<div class=\"elementor-post__meta-data\">\n\t\t\t\t\t<span class=\"elementor-post-date\">\n\t\t\t21\/09\/2024\t\t<\/span>\n\t\t\t\t<\/div>\n\t\t\t\t\t<\/div>\n\t\t<\/article>\n\t\t\t\t<article class=\"elementor-post elementor-grid-item post-1906 post type-post status-publish format-standard has-post-thumbnail hentry category-systeme-terre category-climatologie\" role=\"listitem\">\n\t\t\t<div class=\"elementor-post__card\">\n\t\t\t\t<a class=\"elementor-post__thumbnail__link\" href=\"https:\/\/www.chaireearth.org\/en\/fin-de-partie-climatique-scenarios-de-changement-catastrophique-du-climat\/\" tabindex=\"-1\" ><div class=\"elementor-post__thumbnail\"><img decoding=\"async\" width=\"300\" height=\"185\" src=\"https:\/\/www.chaireearth.org\/wp-content\/uploads\/2024\/09\/3ca3f4_595b922f4b944f4f9f2441730c332c69mv2-300x185.webp\" class=\"attachment-medium size-medium wp-image-1907\" alt=\"Article Image - Fin de partie climatique : sc\u00e9narios de changement catastrophique du climat\" srcset=\"https:\/\/www.chaireearth.org\/wp-content\/uploads\/2024\/09\/3ca3f4_595b922f4b944f4f9f2441730c332c69mv2-300x185.webp 300w, https:\/\/www.chaireearth.org\/wp-content\/uploads\/2024\/09\/3ca3f4_595b922f4b944f4f9f2441730c332c69mv2-768x474.webp 768w, https:\/\/www.chaireearth.org\/wp-content\/uploads\/2024\/09\/3ca3f4_595b922f4b944f4f9f2441730c332c69mv2-18x12.webp 18w, https:\/\/www.chaireearth.org\/wp-content\/uploads\/2024\/09\/3ca3f4_595b922f4b944f4f9f2441730c332c69mv2.webp 839w\" sizes=\"(max-width: 300px) 100vw, 300px\" \/><\/div><\/a>\n\t\t\t\t<div class=\"elementor-post__badge\">Syst\u00e8me Terre<\/div>\n\t\t\t\t<div class=\"elementor-post__text\">\n\t\t\t\t<h3 class=\"elementor-post__title\">\n\t\t\t<a href=\"https:\/\/www.chaireearth.org\/en\/fin-de-partie-climatique-scenarios-de-changement-catastrophique-du-climat\/\" >\n\t\t\t\tFin de partie climatique : sc\u00e9narios de changement catastrophique du climat\t\t\t<\/a>\n\t\t<\/h3>\n\t\t\n\t\t<a class=\"elementor-post__read-more\" href=\"https:\/\/www.chaireearth.org\/en\/fin-de-partie-climatique-scenarios-de-changement-catastrophique-du-climat\/\" aria-label=\"Read more about Fin de partie climatique : sc\u00e9narios de changement catastrophique du climat\" tabindex=\"-1\" >\n\t\t\tLire le post \u00bb\t\t<\/a>\n\n\t\t\t\t<\/div>\n\t\t\t\t<div class=\"elementor-post__meta-data\">\n\t\t\t\t\t<span class=\"elementor-post-date\">\n\t\t\t21\/09\/2024\t\t<\/span>\n\t\t\t\t<\/div>\n\t\t\t\t\t<\/div>\n\t\t<\/article>\n\t\t\t\t<\/div>\n\t\t\n\t\t\t\t\t\t<\/div>\n\t\t\t\t<\/div>\n\t\t\t\t\t<\/div>\n\t\t<\/div>\n\t\t\t\t\t<\/div>\n\t\t<\/section>\n\t\t\t\t<section class=\"elementor-section elementor-top-section elementor-element elementor-element-a60144f elementor-section-boxed elementor-section-height-default elementor-section-height-default\" data-id=\"a60144f\" data-element_type=\"section\" data-e-type=\"section\">\n\t\t\t\t\t\t<div class=\"elementor-container elementor-column-gap-default\">\n\t\t\t\t\t<div class=\"elementor-column elementor-col-100 elementor-top-column elementor-element elementor-element-edc1296\" data-id=\"edc1296\" data-element_type=\"column\" data-e-type=\"column\">\n\t\t\t<div class=\"elementor-widget-wrap elementor-element-populated\">\n\t\t\t\t\t\t<div class=\"elementor-element elementor-element-4324921 elementor-widget elementor-widget-spacer\" data-id=\"4324921\" data-element_type=\"widget\" data-e-type=\"widget\" data-widget_type=\"spacer.default\">\n\t\t\t\t<div class=\"elementor-widget-container\">\n\t\t\t\t\t\t\t<div class=\"elementor-spacer\">\n\t\t\t<div class=\"elementor-spacer-inner\"><\/div>\n\t\t<\/div>\n\t\t\t\t\t\t<\/div>\n\t\t\t\t<\/div>\n\t\t\t\t\t<\/div>\n\t\t<\/div>\n\t\t\t\t\t<\/div>\n\t\t<\/section>\n\t\t\t\t<\/div>","protected":false},"excerpt":{"rendered":"<p>Climatologie<\/p>","protected":false},"author":1,"featured_media":0,"parent":0,"menu_order":0,"comment_status":"closed","ping_status":"closed","template":"","meta":{"site-sidebar-layout":"no-sidebar","site-content-layout":"page-builder","ast-site-content-layout":"full-width-container","site-content-style":"default","site-sidebar-style":"default","ast-global-header-display":"","ast-banner-title-visibility":"","ast-main-header-display":"","ast-hfb-above-header-display":"","ast-hfb-below-header-display":"","ast-hfb-mobile-header-display":"","site-post-title":"disabled","ast-breadcrumbs-content":"","ast-featured-img":"disabled","footer-sml-layout":"","ast-disable-related-posts":"","theme-transparent-header-meta":"","adv-header-id-meta":"","stick-header-meta":"","header-above-stick-meta":"","header-main-stick-meta":"","header-below-stick-meta":"","astra-migrate-meta-layouts":"set","ast-page-background-enabled":"default","ast-page-background-meta":{"desktop":{"background-color":"var(--ast-global-color-4)","background-image":"","background-repeat":"repeat","background-position":"center center","background-size":"auto","background-attachment":"scroll","background-type":"","background-media":"","overlay-type":"","overlay-color":"","overlay-opacity":"","overlay-gradient":""},"tablet":{"background-color":"","background-image":"","background-repeat":"repeat","background-position":"center center","background-size":"auto","background-attachment":"scroll","background-type":"","background-media":"","overlay-type":"","overlay-color":"","overlay-opacity":"","overlay-gradient":""},"mobile":{"background-color":"","background-image":"","background-repeat":"repeat","background-position":"center center","background-size":"auto","background-attachment":"scroll","background-type":"","background-media":"","overlay-type":"","overlay-color":"","overlay-opacity":"","overlay-gradient":""}},"ast-content-background-meta":{"desktop":{"background-color":"var(--ast-global-color-5)","background-image":"","background-repeat":"repeat","background-position":"center center","background-size":"auto","background-attachment":"scroll","background-type":"","background-media":"","overlay-type":"","overlay-color":"","overlay-opacity":"","overlay-gradient":""},"tablet":{"background-color":"var(--ast-global-color-5)","background-image":"","background-repeat":"repeat","background-position":"center center","background-size":"auto","background-attachment":"scroll","background-type":"","background-media":"","overlay-type":"","overlay-color":"","overlay-opacity":"","overlay-gradient":""},"mobile":{"background-color":"var(--ast-global-color-5)","background-image":"","background-repeat":"repeat","background-position":"center center","background-size":"auto","background-attachment":"scroll","background-type":"","background-media":"","overlay-type":"","overlay-color":"","overlay-opacity":"","overlay-gradient":""}},"footnotes":""},"class_list":["post-2149","page","type-page","status-publish","hentry"],"yoast_head":"<!-- This site is optimized with the Yoast SEO plugin v27.5 - https:\/\/yoast.com\/product\/yoast-seo-wordpress\/ -->\n<title>Climatologie | Chaire Earth<\/title>\n<meta name=\"description\" content=\"Climatologie - Posts - La Biblioth\u00e8que du Climat, propos\u00e9e par la Chaire Earth et anim\u00e9e par Gaspard Lemaire, doctorant en science politique\" \/>\n<meta name=\"robots\" content=\"index, follow, max-snippet:-1, max-image-preview:large, max-video-preview:-1\" \/>\n<link rel=\"canonical\" href=\"https:\/\/www.chaireearth.org\/en\/climatologie\/\" \/>\n<meta property=\"og:locale\" content=\"en_GB\" \/>\n<meta property=\"og:type\" content=\"article\" \/>\n<meta property=\"og:title\" content=\"Climatologie | Chaire Earth\" \/>\n<meta property=\"og:description\" content=\"Climatologie - Posts - La Biblioth\u00e8que du Climat, propos\u00e9e par la Chaire Earth et anim\u00e9e par Gaspard Lemaire, doctorant en science politique\" \/>\n<meta property=\"og:url\" content=\"https:\/\/www.chaireearth.org\/en\/climatologie\/\" \/>\n<meta property=\"og:site_name\" content=\"Chaire Earth\" \/>\n<meta property=\"article:modified_time\" content=\"2025-01-13T10:36:38+00:00\" \/>\n<meta property=\"og:image\" content=\"https:\/\/www.chaireearth.org\/wp-content\/uploads\/2023\/04\/Capture-decran-2023-04-27-a-12.52.02.png\" \/>\n\t<meta property=\"og:image:width\" content=\"572\" \/>\n\t<meta property=\"og:image:height\" content=\"297\" \/>\n\t<meta property=\"og:image:type\" content=\"image\/png\" \/>\n<meta name=\"twitter:card\" content=\"summary_large_image\" \/>\n<meta name=\"twitter:label1\" content=\"Estimated reading time\" \/>\n\t<meta name=\"twitter:data1\" content=\"1 minute\" \/>\n<script type=\"application\/ld+json\" class=\"yoast-schema-graph\">{\"@context\":\"https:\\\/\\\/schema.org\",\"@graph\":[{\"@type\":\"WebPage\",\"@id\":\"https:\\\/\\\/www.chaireearth.org\\\/climatologie\\\/\",\"url\":\"https:\\\/\\\/www.chaireearth.org\\\/climatologie\\\/\",\"name\":\"Climatologie | Chaire Earth\",\"isPartOf\":{\"@id\":\"https:\\\/\\\/www.chaireearth.org\\\/#website\"},\"datePublished\":\"2024-09-22T12:50:25+00:00\",\"dateModified\":\"2025-01-13T10:36:38+00:00\",\"description\":\"Climatologie - Posts - La Biblioth\u00e8que du Climat, propos\u00e9e par la Chaire Earth et anim\u00e9e par Gaspard Lemaire, doctorant en science politique\",\"breadcrumb\":{\"@id\":\"https:\\\/\\\/www.chaireearth.org\\\/climatologie\\\/#breadcrumb\"},\"inLanguage\":\"en-GB\",\"potentialAction\":[{\"@type\":\"ReadAction\",\"target\":[\"https:\\\/\\\/www.chaireearth.org\\\/climatologie\\\/\"]}]},{\"@type\":\"BreadcrumbList\",\"@id\":\"https:\\\/\\\/www.chaireearth.org\\\/climatologie\\\/#breadcrumb\",\"itemListElement\":[{\"@type\":\"ListItem\",\"position\":1,\"name\":\"Accueil\",\"item\":\"https:\\\/\\\/www.chaireearth.org\\\/\"},{\"@type\":\"ListItem\",\"position\":2,\"name\":\"Climatologie\"}]},{\"@type\":\"WebSite\",\"@id\":\"https:\\\/\\\/www.chaireearth.org\\\/#website\",\"url\":\"https:\\\/\\\/www.chaireearth.org\\\/\",\"name\":\"Chaire Earth\",\"description\":\"Chaire Earth Projet\",\"publisher\":{\"@id\":\"https:\\\/\\\/www.chaireearth.org\\\/#organization\"},\"potentialAction\":[{\"@type\":\"SearchAction\",\"target\":{\"@type\":\"EntryPoint\",\"urlTemplate\":\"https:\\\/\\\/www.chaireearth.org\\\/?s={search_term_string}\"},\"query-input\":{\"@type\":\"PropertyValueSpecification\",\"valueRequired\":true,\"valueName\":\"search_term_string\"}}],\"inLanguage\":\"en-GB\"},{\"@type\":\"Organization\",\"@id\":\"https:\\\/\\\/www.chaireearth.org\\\/#organization\",\"name\":\"Chair Earth\",\"url\":\"https:\\\/\\\/www.chaireearth.org\\\/\",\"logo\":{\"@type\":\"ImageObject\",\"inLanguage\":\"en-GB\",\"@id\":\"https:\\\/\\\/www.chaireearth.org\\\/#\\\/schema\\\/logo\\\/image\\\/\",\"url\":\"https:\\\/\\\/www.chaireearth.org\\\/wp-content\\\/uploads\\\/2023\\\/04\\\/Capture-decran-2023-04-27-a-12.52.02.png\",\"contentUrl\":\"https:\\\/\\\/www.chaireearth.org\\\/wp-content\\\/uploads\\\/2023\\\/04\\\/Capture-decran-2023-04-27-a-12.52.02.png\",\"width\":572,\"height\":297,\"caption\":\"Chair Earth\"},\"image\":{\"@id\":\"https:\\\/\\\/www.chaireearth.org\\\/#\\\/schema\\\/logo\\\/image\\\/\"}}]}<\/script>\n<!-- \/ Yoast SEO plugin. -->","yoast_head_json":{"title":"Climatologie | Chaire Earth","description":"Climatologie - Posts - La Biblioth\u00e8que du Climat, propos\u00e9e par la Chaire Earth et anim\u00e9e par Gaspard Lemaire, doctorant en science politique","robots":{"index":"index","follow":"follow","max-snippet":"max-snippet:-1","max-image-preview":"max-image-preview:large","max-video-preview":"max-video-preview:-1"},"canonical":"https:\/\/www.chaireearth.org\/en\/climatologie\/","og_locale":"en_GB","og_type":"article","og_title":"Climatologie | Chaire Earth","og_description":"Climatologie - Posts - La Biblioth\u00e8que du Climat, propos\u00e9e par la Chaire Earth et anim\u00e9e par Gaspard Lemaire, doctorant en science politique","og_url":"https:\/\/www.chaireearth.org\/en\/climatologie\/","og_site_name":"Chaire Earth","article_modified_time":"2025-01-13T10:36:38+00:00","og_image":[{"width":572,"height":297,"url":"https:\/\/www.chaireearth.org\/wp-content\/uploads\/2023\/04\/Capture-decran-2023-04-27-a-12.52.02.png","type":"image\/png"}],"twitter_card":"summary_large_image","twitter_misc":{"Estimated reading time":"1 minute"},"schema":{"@context":"https:\/\/schema.org","@graph":[{"@type":"WebPage","@id":"https:\/\/www.chaireearth.org\/climatologie\/","url":"https:\/\/www.chaireearth.org\/climatologie\/","name":"Climatologie | Chaire Earth","isPartOf":{"@id":"https:\/\/www.chaireearth.org\/#website"},"datePublished":"2024-09-22T12:50:25+00:00","dateModified":"2025-01-13T10:36:38+00:00","description":"Climatologie - Posts - La Biblioth\u00e8que du Climat, propos\u00e9e par la Chaire Earth et anim\u00e9e par Gaspard Lemaire, doctorant en science politique","breadcrumb":{"@id":"https:\/\/www.chaireearth.org\/climatologie\/#breadcrumb"},"inLanguage":"en-GB","potentialAction":[{"@type":"ReadAction","target":["https:\/\/www.chaireearth.org\/climatologie\/"]}]},{"@type":"BreadcrumbList","@id":"https:\/\/www.chaireearth.org\/climatologie\/#breadcrumb","itemListElement":[{"@type":"ListItem","position":1,"name":"Accueil","item":"https:\/\/www.chaireearth.org\/"},{"@type":"ListItem","position":2,"name":"Climatologie"}]},{"@type":"WebSite","@id":"https:\/\/www.chaireearth.org\/#website","url":"https:\/\/www.chaireearth.org\/","name":"Chaire Earth","description":"Chaire Earth Project","publisher":{"@id":"https:\/\/www.chaireearth.org\/#organization"},"potentialAction":[{"@type":"SearchAction","target":{"@type":"EntryPoint","urlTemplate":"https:\/\/www.chaireearth.org\/?s={search_term_string}"},"query-input":{"@type":"PropertyValueSpecification","valueRequired":true,"valueName":"search_term_string"}}],"inLanguage":"en-GB"},{"@type":"Organization","@id":"https:\/\/www.chaireearth.org\/#organization","name":"Chair Earth","url":"https:\/\/www.chaireearth.org\/","logo":{"@type":"ImageObject","inLanguage":"en-GB","@id":"https:\/\/www.chaireearth.org\/#\/schema\/logo\/image\/","url":"https:\/\/www.chaireearth.org\/wp-content\/uploads\/2023\/04\/Capture-decran-2023-04-27-a-12.52.02.png","contentUrl":"https:\/\/www.chaireearth.org\/wp-content\/uploads\/2023\/04\/Capture-decran-2023-04-27-a-12.52.02.png","width":572,"height":297,"caption":"Chair Earth"},"image":{"@id":"https:\/\/www.chaireearth.org\/#\/schema\/logo\/image\/"}}]}},"_links":{"self":[{"href":"https:\/\/www.chaireearth.org\/en\/wp-json\/wp\/v2\/pages\/2149","targetHints":{"allow":["GET"]}}],"collection":[{"href":"https:\/\/www.chaireearth.org\/en\/wp-json\/wp\/v2\/pages"}],"about":[{"href":"https:\/\/www.chaireearth.org\/en\/wp-json\/wp\/v2\/types\/page"}],"author":[{"embeddable":true,"href":"https:\/\/www.chaireearth.org\/en\/wp-json\/wp\/v2\/users\/1"}],"replies":[{"embeddable":true,"href":"https:\/\/www.chaireearth.org\/en\/wp-json\/wp\/v2\/comments?post=2149"}],"version-history":[{"count":7,"href":"https:\/\/www.chaireearth.org\/en\/wp-json\/wp\/v2\/pages\/2149\/revisions"}],"predecessor-version":[{"id":2237,"href":"https:\/\/www.chaireearth.org\/en\/wp-json\/wp\/v2\/pages\/2149\/revisions\/2237"}],"wp:attachment":[{"href":"https:\/\/www.chaireearth.org\/en\/wp-json\/wp\/v2\/media?parent=2149"}],"curies":[{"name":"wp","href":"https:\/\/api.w.org\/{rel}","templated":true}]}}